{"id":15,"date":"2014-11-11T11:14:30","date_gmt":"2014-11-11T11:14:30","guid":{"rendered":"http:\/\/anpsthemes.com\/constructo\/?page_id=15"},"modified":"2016-11-20T08:32:35","modified_gmt":"2016-11-20T08:32:35","slug":"contact-us","status":"publish","type":"page","link":"http:\/\/hammar-iq.com\/en\/contact-us\/","title":{"rendered":"Contact us"},"content":{"rendered":"<div class=\"wpb-content-wrapper\"><p>[vc_row full_width=&#8221;stretch_row_content&#8221; css=&#8221;.vc_custom_1479550731912{margin-bottom: 30px !important;}&#8221;][vc_column][vc_column_text]\t\t<!-- Div pour afficher la map -->\n\t\t<div id=\"map1\" class=\"mapmarker\" style=\"height:500px;width:100%\"><\/div>\n\n\t\t<!-- Script Google Map -->\n\t    <script type=\"text\/javascript\" async defer>\n\n\t\t\t\/\/Call initMap.\n\t\t\tinitMap();\n\n\t\t\t\/\/FONCTION QUI INITIALISE LA MAP\n\t\t\tfunction initMap() {\n\n\t\t\t\t\/\/ R\u00e9cup. les options de la map grace \u00e0 la fonction php\n\t\t\t\tvar mapOptions = {\n        center:{lat:33.29438000, lng:44.42631590},\n        mapTypeId:google.maps.MapTypeId.TERRAIN,\n        streetViewControl:true,\n        scrollwheel:1,\n        zoom:6};\n\n\t\t\t\t\/\/ Affecte les option \u00e0 la map\n\t\t\t\tmap = new google.maps.Map(document.getElementById('map1'), mapOptions);\n\n\t\t\t\t\/\/ Init. la fenetre d'info\n\t\t\t\tinfoWindow = new google.maps.InfoWindow();\n\n\t\t\t\t\/\/ Event qui ferme l'info bulle au click\n\t\t\t\tgoogle.maps.event.addListener(map, 'click', function() {\n\t\t\t\t\tinfoWindow.close();\n\t\t\t\t});\n\n\t\t\t\t\/\/Callback les markers\n\t\t\t\tget_Markers();\n\n\t\t\t} \/\/ End initMap()\n\n\n\t\t\t\/\/ FUNCTION QUI R\u00c9CUP TOUS LES MARKERS\n\t\t\tfunction get_Markers() {\n\t\t\t\t\/\/ D\u00e9clare l'array des markers\n\t\t\t\tvar marker_array = [{\n\t        id:2,\n\t        icon:\"http:\/\/hammar-iq.com\/wp-content\/uploads\/2016\/11\/placeholder-2.png\",\n\t        lat:33.29438000,\n\t        lng:44.42631590},{\n\t        id:3,\n\t        icon:\"http:\/\/hammar-iq.com\/wp-content\/uploads\/2016\/11\/placeholder-1.png\",\n\t        lat:32.02096600,\n\t        lng:44.33051800},{\n\t        id:4,\n\t        icon:\"http:\/\/hammar-iq.com\/wp-content\/uploads\/2016\/11\/placeholder-1.png\",\n\t        lat:32.47807700,\n\t        lng:44.42010300},{\n\t        id:5,\n\t        icon:\"http:\/\/hammar-iq.com\/wp-content\/uploads\/2016\/11\/placeholder-1.png\",\n\t        lat:33.05592100,\n\t        lng:41.97715600},{\n\t        id:6,\n\t        icon:\"http:\/\/hammar-iq.com\/wp-content\/uploads\/2016\/11\/placeholder-1.png\",\n\t        lat:32.59088800,\n\t        lng:43.92850700},{\n\t        id:7,\n\t        icon:\"http:\/\/hammar-iq.com\/wp-content\/uploads\/2016\/11\/placeholder-1.png\",\n\t        lat:30.53175300,\n\t        lng:47.75004700},{\n\t        id:8,\n\t        icon:\"http:\/\/hammar-iq.com\/wp-content\/uploads\/2016\/11\/placeholder-1.png\",\n\t        lat:36.35029300,\n\t        lng:43.13806300},{\n\t        id:9,\n\t        icon:\"http:\/\/hammar-iq.com\/wp-content\/uploads\/2016\/11\/placeholder-1.png\",\n\t        lat:37.14918300,\n\t        lng:42.66426800}];\n\n\t\t\t\t\/\/ Boucle les markers\n\t\t\t\tfor (var i = 0; i < marker_array.length; i++) {\n\n\t\t\t\t\t\/\/ Assigne la position du markeur\n\t\t\t\t\tvar latlng = new google.maps.LatLng(marker_array[i].lat, marker_array[i].lng);\n\n\t\t\t\t\t\/\/ R\u00e9cup l\"icon du marqueur (une url)\n\t\t\t\t\tvar icon = marker_array[i].icon;\n\n\t\t\t\t\t\/\/ R\u00e9cup l\"id du marker\n\t\t\t\t\tvar id = marker_array[i].id;\n\n\t\t\t\t\t\/\/ Callback de la fonction \"set_Markers()\" pour cr\u00e9e les marqueur en envoyant \"id\" et la \"latlng\"\n\t\t\t\t\tset_Markers(id, latlng, icon);\n\t\t\t  \t}\n\t\t\t} \/\/ End \"get_Markers()\"\n\n\n\t\t\t\/\/ FUNCTION QUI R\u00c9CUP LE CONTENU DES INFOBULLE EN AJAX\n\t\t\tfunction get_ajax_content_markeur(id){\n\n\t\t\t\t\/\/Store selector\n\t\t\t\tvar $infobule = jQuery(\"#infobulle\");\n\n\t\t\t\tjQuery.noConflict();\n\t\t\t\t(function($) {\n\t\t\t\t    $.ajax({\n\t\t\t\t    \tmethod: \"POST\",\n\t\t\t\t    \turl: \"http:\/\/hammar-iq.com\/wp-admin\/admin-ajax.php\",\n\t\t\t\t    \tdata: {\n\t\t\t\t    \t\t\taction: \"mapmarkerMarkerContent\",\n\t\t\t\t    \t\t\tid : id,\n\t\t\t\t    \t\t\tshorcode_attribut : 1\t\t\t\t    \t},\n\n\t\t\t\t\t\tbeforeSend: function() {\n\t\t\t\t\t\t\t\/\/Clean infobulle\n\t\t\t\t\t\t\t$infobule.empty();\n\t\t\t\t\t\t\t\/\/Create the loader\n\t\t\t\t\t\t\t$infobule.append('<div class=\"loader-marker-c\" style=\"padding: 30px 20px 30px 40px;text-align:center;\"><i class=\"fa fa-refresh fa-spin fa-3x fa-fw\" style=\"color:#C7C7C7;\"><\/i><span class=\"sr-only\"><\/span><\/div>');\n\t\t\t\t\t\t},\n\n\t\t\t\t\t\tsuccess: function(data){\n\t\t\t\t\t\t  \t\/\/Calclul la hauteur du loader\n\t\t\t\t\t\t\tvar h = $('.loader-marker-c').height();\n\t\t\t\t\t\t\t\/\/Ajoute un min-height de l'infobulle de la taille du loader pour un rendu optimal\n\t\t\t\t\t\t\t$infobule.css('min-height', h);\n\t\t\t\t\t\t\t\/\/Remove le loader\n\t\t\t\t\t\t\t$('.loader-marker-c').remove();\n\t\t\t\t\t\t\t\/\/ Add les donn\u00e9 et cr\u00e9e un content\n\t\t\t\t\t\t\t$infobule.append('<div class=\"content-makrer\" style=\"opacity:0;\">'+data+'<\/div>');\n\t\t\t\t\t\t\t\/\/ Ajoute une opacity \u00e0 \"1\" en animate\n\t\t\t\t\t\t\t$( \".content-makrer\").animate({opacity:1});\n\t\t\t\t\t\t}\n\t\t\t\t    });\/\/ End .ajax\n\n\t\t\t\t})(jQuery);\n\t\t\t} \/\/ End \"get_ajax_content_markeur()\"\n\n\n\t\t\t\/\/ FUNCTION QUI AFFECTE TOUS LES MARKERS\n\t\t\tfunction set_Markers(id, latlng, icon) {\n\n\t\t\t\t\/\/ Affecte la position de chacque marker\n\t\t\t\tvar marker = new google.maps.Marker({\n\t\t\t\t  position: latlng,\n\t\t\t\t  map: map,\n\t\t\t\t  icon: icon\n\t\t\t\t});\n\n\t\t\t\t\/\/ Au click d'un marker\n\t\t\t\tgoogle.maps.event.addListener(marker, 'click', function() {\n\n\t\t\t\t\t\/\/ Add. une div dans l'infobulle\n\t\t\t\t\tinfoWindow.setContent('<div id=\"infobulle\"><\/div>');\n\n\t\t\t\t\t\/\/ Ouvre l'info bulle avec les donn\u00e9s du markeur\n\t\t\t\t\tinfoWindow.open(map, marker);\n\n\t\t\t\t\t\/\/ Call la fonction pour r\u00e9cup\u00e8rer le contenu en AJAX du markeur click\u00e9\n\t\t\t\t\tget_ajax_content_markeur(id);\n\n\t\t\t\t});\n\n\t\t\t} \/\/ End setMarkers()\n\n\t    <\/script>\n\t\t<\/p>\n<p>[\/vc_column_text][\/vc_column][\/vc_row][vc_row css=&#8221;.vc_custom_1418807519392{margin-top: 20px !important;}&#8221; has_content=&#8221;true&#8221;][vc_column]<h5 class='' ><span>SEND US A MESSAGE<\/span><\/h5>\n<div class=\"wpcf7 no-js\" id=\"wpcf7-f452-o2\" lang=\"en-US\" dir=\"ltr\">\n<div class=\"screen-reader-response\"><p role=\"status\" aria-live=\"polite\" aria-atomic=\"true\"><\/p> <ul><\/ul><\/div>\n<form action=\"\/en\/wp-json\/wp\/v2\/pages\/15#wpcf7-f452-o2\" method=\"post\" class=\"wpcf7-form init\" aria-label=\"Contact form\" novalidate=\"novalidate\" data-status=\"init\">\n<div style=\"display: none;\">\n<input type=\"hidden\" name=\"_wpcf7\" value=\"452\" \/>\n<input type=\"hidden\" name=\"_wpcf7_version\" value=\"5.9.5\" \/>\n<input type=\"hidden\" name=\"_wpcf7_locale\" value=\"en_US\" \/>\n<input type=\"hidden\" name=\"_wpcf7_unit_tag\" value=\"wpcf7-f452-o2\" \/>\n<input type=\"hidden\" name=\"_wpcf7_container_post\" value=\"0\" \/>\n<input type=\"hidden\" name=\"_wpcf7_posted_data_hash\" value=\"\" \/>\n<\/div>\n<div class=\"col-sm-5 noleftpadding\">\n\t<p><span class=\"wpcf7-form-control-wrap\" data-name=\"your-name\"><input size=\"40\" class=\"wpcf7-form-control wpcf7-text wpcf7-validates-as-required\" aria-required=\"true\" aria-invalid=\"false\" placeholder=\"Name*\" value=\"\" type=\"text\" name=\"your-name\" \/><\/span>\n\t<\/p>\n\t<p><span class=\"wpcf7-form-control-wrap\" data-name=\"your-subject\"><input size=\"40\" class=\"wpcf7-form-control wpcf7-text\" aria-invalid=\"false\" placeholder=\"Subject*\" value=\"\" type=\"text\" name=\"your-subject\" \/><\/span>\n\t<\/p>\n\t<p><span class=\"wpcf7-form-control-wrap\" data-name=\"your-email\"><input size=\"40\" class=\"wpcf7-form-control wpcf7-email wpcf7-validates-as-required wpcf7-text wpcf7-validates-as-email\" aria-required=\"true\" aria-invalid=\"false\" placeholder=\"Email*\" value=\"\" type=\"email\" name=\"your-email\" \/><\/span>\n\t<\/p>\n<\/div>\n<div class=\"col-sm-7 norightpadding\">\n\t<p><span class=\"wpcf7-form-control-wrap\" data-name=\"your-message\"><textarea cols=\"25\" rows=\"3\" class=\"wpcf7-form-control wpcf7-textarea\" aria-invalid=\"false\" placeholder=\"Message*\" name=\"your-message\"><\/textarea><\/span>\n\t<\/p>\n\t<p><input class=\"wpcf7-form-control wpcf7-submit has-spinner\" type=\"submit\" value=\"SEND MESSAGE\" \/>\n\t<\/p>\n<\/div><div class=\"wpcf7-response-output\" aria-hidden=\"true\"><\/div>\n<\/form>\n<\/div>\n[\/vc_column][\/vc_row]<\/p>\n<\/div>","protected":false},"excerpt":{"rendered":"<p>[vc_row full_width=&#8221;stretch_row_content&#8221; css=&#8221;.vc_custom_1479550731912{margin-bottom: 30px !important;}&#8221;][vc_column][vc_column_text] [\/vc_column_text][\/vc_column][\/vc_row][vc_row css=&#8221;.vc_custom_1418807519392{margin-top: 20px !important;}&#8221; has_content=&#8221;true&#8221;][vc_column][\/vc_column][\/vc_row]<\/p>\n","protected":false},"author":1,"featured_media":0,"parent":0,"menu_order":0,"comment_status":"open","ping_status":"open","template":"","meta":{"_monsterinsights_skip_tracking":false,"_monsterinsights_sitenote_active":false,"_monsterinsights_sitenote_note":"","_monsterinsights_sitenote_category":0,"footnotes":""},"class_list":["post-15","page","type-page","status-publish","hentry"],"yoast_head":"<!-- This site is optimized with the Yoast SEO plugin v24.2 - https:\/\/yoast.com\/wordpress\/plugins\/seo\/ -->\n<title>Hammar<\/title>\n<meta name=\"description\" content=\"hammar iq website for electric and electronic device like home ware kitchenware air condition freezer television hair dryer and every thing electric \u0647\u0645\u0631\" \/>\n<meta name=\"robots\" content=\"index, follow, max-snippet:-1, max-image-preview:large, max-video-preview:-1\" \/>\n<link rel=\"canonical\" href=\"http:\/\/hammar-iq.com\/en\/contact-us\/\" \/>\n<meta property=\"og:locale\" content=\"en_US\" \/>\n<meta property=\"og:type\" content=\"article\" \/>\n<meta property=\"og:description\" content=\"hammar iq website for electric and electronic device like home ware kitchenware air condition freezer television hair dryer and every thing electric \u0647\u0645\u0631\" \/>\n<meta property=\"og:url\" content=\"http:\/\/hammar-iq.com\/en\/contact-us\/\" \/>\n<meta property=\"og:site_name\" content=\"Hammar\" \/>\n<meta property=\"article:publisher\" content=\"https:\/\/www.facebook.com\/hammar.iq\/\" \/>\n<meta property=\"article:modified_time\" content=\"2016-11-20T08:32:35+00:00\" \/>\n<meta name=\"twitter:card\" content=\"summary_large_image\" \/>\n<meta name=\"twitter:label1\" content=\"Est. reading time\" \/>\n\t<meta name=\"twitter:data1\" content=\"1 minute\" \/>\n<script type=\"application\/ld+json\" class=\"yoast-schema-graph\">{\"@context\":\"https:\/\/schema.org\",\"@graph\":[{\"@type\":\"WebPage\",\"@id\":\"http:\/\/hammar-iq.com\/en\/contact-us\/\",\"url\":\"http:\/\/hammar-iq.com\/en\/contact-us\/\",\"name\":\"\",\"isPartOf\":{\"@id\":\"http:\/\/hammar-iq.com\/en\/#website\"},\"datePublished\":\"2014-11-11T11:14:30+00:00\",\"dateModified\":\"2016-11-20T08:32:35+00:00\",\"description\":\"hammar iq website for electric and electronic device like home ware kitchenware air condition freezer television hair dryer and every thing electric \u0647\u0645\u0631\",\"breadcrumb\":{\"@id\":\"http:\/\/hammar-iq.com\/en\/contact-us\/#breadcrumb\"},\"inLanguage\":\"en-US\",\"potentialAction\":[{\"@type\":\"ReadAction\",\"target\":[\"http:\/\/hammar-iq.com\/en\/contact-us\/\"]}]},{\"@type\":\"BreadcrumbList\",\"@id\":\"http:\/\/hammar-iq.com\/en\/contact-us\/#breadcrumb\",\"itemListElement\":[{\"@type\":\"ListItem\",\"position\":1,\"name\":\"Home\",\"item\":\"http:\/\/hammar-iq.com\/en\/\"},{\"@type\":\"ListItem\",\"position\":2,\"name\":\"Contact us\"}]},{\"@type\":\"WebSite\",\"@id\":\"http:\/\/hammar-iq.com\/en\/#website\",\"url\":\"http:\/\/hammar-iq.com\/en\/\",\"name\":\"Hammar\",\"description\":\"IQ\",\"potentialAction\":[{\"@type\":\"SearchAction\",\"target\":{\"@type\":\"EntryPoint\",\"urlTemplate\":\"http:\/\/hammar-iq.com\/en\/?s={search_term_string}\"},\"query-input\":{\"@type\":\"PropertyValueSpecification\",\"valueRequired\":true,\"valueName\":\"search_term_string\"}}],\"inLanguage\":\"en-US\"}]}<\/script>\n<!-- \/ Yoast SEO plugin. -->","yoast_head_json":{"title":"Hammar","description":"hammar iq website for electric and electronic device like home ware kitchenware air condition freezer television hair dryer and every thing electric \u0647\u0645\u0631","robots":{"index":"index","follow":"follow","max-snippet":"max-snippet:-1","max-image-preview":"max-image-preview:large","max-video-preview":"max-video-preview:-1"},"canonical":"http:\/\/hammar-iq.com\/en\/contact-us\/","og_locale":"en_US","og_type":"article","og_description":"hammar iq website for electric and electronic device like home ware kitchenware air condition freezer television hair dryer and every thing electric \u0647\u0645\u0631","og_url":"http:\/\/hammar-iq.com\/en\/contact-us\/","og_site_name":"Hammar","article_publisher":"https:\/\/www.facebook.com\/hammar.iq\/","article_modified_time":"2016-11-20T08:32:35+00:00","twitter_card":"summary_large_image","twitter_misc":{"Est. reading time":"1 minute"},"schema":{"@context":"https:\/\/schema.org","@graph":[{"@type":"WebPage","@id":"http:\/\/hammar-iq.com\/en\/contact-us\/","url":"http:\/\/hammar-iq.com\/en\/contact-us\/","name":"","isPartOf":{"@id":"http:\/\/hammar-iq.com\/en\/#website"},"datePublished":"2014-11-11T11:14:30+00:00","dateModified":"2016-11-20T08:32:35+00:00","description":"hammar iq website for electric and electronic device like home ware kitchenware air condition freezer television hair dryer and every thing electric \u0647\u0645\u0631","breadcrumb":{"@id":"http:\/\/hammar-iq.com\/en\/contact-us\/#breadcrumb"},"inLanguage":"en-US","potentialAction":[{"@type":"ReadAction","target":["http:\/\/hammar-iq.com\/en\/contact-us\/"]}]},{"@type":"BreadcrumbList","@id":"http:\/\/hammar-iq.com\/en\/contact-us\/#breadcrumb","itemListElement":[{"@type":"ListItem","position":1,"name":"Home","item":"http:\/\/hammar-iq.com\/en\/"},{"@type":"ListItem","position":2,"name":"Contact us"}]},{"@type":"WebSite","@id":"http:\/\/hammar-iq.com\/en\/#website","url":"http:\/\/hammar-iq.com\/en\/","name":"Hammar","description":"IQ","potentialAction":[{"@type":"SearchAction","target":{"@type":"EntryPoint","urlTemplate":"http:\/\/hammar-iq.com\/en\/?s={search_term_string}"},"query-input":{"@type":"PropertyValueSpecification","valueRequired":true,"valueName":"search_term_string"}}],"inLanguage":"en-US"}]}},"_links":{"self":[{"href":"http:\/\/hammar-iq.com\/en\/wp-json\/wp\/v2\/pages\/15","targetHints":{"allow":["GET"]}}],"collection":[{"href":"http:\/\/hammar-iq.com\/en\/wp-json\/wp\/v2\/pages"}],"about":[{"href":"http:\/\/hammar-iq.com\/en\/wp-json\/wp\/v2\/types\/page"}],"author":[{"embeddable":true,"href":"http:\/\/hammar-iq.com\/en\/wp-json\/wp\/v2\/users\/1"}],"replies":[{"embeddable":true,"href":"http:\/\/hammar-iq.com\/en\/wp-json\/wp\/v2\/comments?post=15"}],"version-history":[{"count":16,"href":"http:\/\/hammar-iq.com\/en\/wp-json\/wp\/v2\/pages\/15\/revisions"}],"predecessor-version":[{"id":1111,"href":"http:\/\/hammar-iq.com\/en\/wp-json\/wp\/v2\/pages\/15\/revisions\/1111"}],"wp:attachment":[{"href":"http:\/\/hammar-iq.com\/en\/wp-json\/wp\/v2\/media?parent=15"}],"curies":[{"name":"wp","href":"https:\/\/api.w.org\/{rel}","templated":true}]}}